{"id":2008,"date":"2025-03-23T15:32:48","date_gmt":"2025-03-23T18:32:48","guid":{"rendered":"https:\/\/tcharge.com.br\/loja\/?post_type=product&#038;p=2008"},"modified":"2025-04-03T14:56:57","modified_gmt":"2025-04-03T17:56:57","slug":"carregador-portatil-riseon-ac-22kw","status":"publish","type":"product","link":"https:\/\/tcharge.com.br\/loja\/produto\/carregador-portatil-riseon-ac-22kw\/","title":{"rendered":"Carregador Port\u00e1til RISEON AC 22kW\/220V"},"content":{"rendered":"","protected":false},"excerpt":{"rendered":"<p>R$1615,00 no PIX<\/p>\n<p>Carregador Port\u00e1til RISEON para ve\u00edculos el\u00e9tricos \u2013 AC 22kW\/220V<\/p>\n<p>1 Conector tipo 2<\/p>\n<p>Ideal para manter no carro e carregar em qualquer tomada 220V<\/p>\n<p>Vem incluso: adaptador para tomada de 20A ou industrial; bolsa para guardar; suporte de parede<\/p>\n","protected":false},"featured_media":2007,"template":"","meta":[],"product_cat":[78],"product_tag":[90,86,82,88],"class_list":{"0":"post-2008","1":"product","2":"type-product","3":"status-publish","4":"has-post-thumbnail","6":"product_cat-riseon","7":"product_tag-22kw","8":"product_tag-carregador-ac","9":"product_tag-carregador-carro-eletrico","10":"product_tag-portatil","12":"first","13":"instock","14":"shipping-taxable","15":"purchasable","16":"product-type-simple"},"_links":{"self":[{"href":"https:\/\/tcharge.com.br\/loja\/wp-json\/wp\/v2\/product\/2008","targetHints":{"allow":["GET"]}}],"collection":[{"href":"https:\/\/tcharge.com.br\/loja\/wp-json\/wp\/v2\/product"}],"about":[{"href":"https:\/\/tcharge.com.br\/loja\/wp-json\/wp\/v2\/types\/product"}],"wp:featuredmedia":[{"embeddable":true,"href":"https:\/\/tcharge.com.br\/loja\/wp-json\/wp\/v2\/media\/2007"}],"wp:attachment":[{"href":"https:\/\/tcharge.com.br\/loja\/wp-json\/wp\/v2\/media?parent=2008"}],"wp:term":[{"taxonomy":"product_cat","embeddable":true,"href":"https:\/\/tcharge.com.br\/loja\/wp-json\/wp\/v2\/product_cat?post=2008"},{"taxonomy":"product_tag","embeddable":true,"href":"https:\/\/tcharge.com.br\/loja\/wp-json\/wp\/v2\/product_tag?post=2008"}],"curies":[{"name":"wp","href":"https:\/\/api.w.org\/{rel}","templated":true}]}}