{"id":2006,"date":"2025-03-23T15:27:47","date_gmt":"2025-03-23T18:27:47","guid":{"rendered":"https:\/\/tcharge.com.br\/loja\/?post_type=product&#038;p=2006"},"modified":"2025-04-11T13:45:46","modified_gmt":"2025-04-11T16:45:46","slug":"carregador-portatil-riseon-ac-7kw-220v","status":"publish","type":"product","link":"https:\/\/tcharge.com.br\/loja\/produto\/carregador-portatil-riseon-ac-7kw-220v\/","title":{"rendered":"Carregador Port\u00e1til RISEON AC 7kW\/220V"},"content":{"rendered":"","protected":false},"excerpt":{"rendered":"<p>Carregador Port\u00e1til RISEON para ve\u00edculos el\u00e9tricos \u2013 AC 7kW\/220V<\/p>\n<p>1 Conector tipo 2<\/p>\n<p>Ideal para manter no carro e carregar em qualquer tomada 220V<\/p>\n<p>Vem incluso: adaptador para tomada de 20A ou industrial; bolsa para guardar; suporte de parede<\/p>\n","protected":false},"featured_media":2007,"template":"","meta":[],"product_cat":[78],"product_tag":[89,86,82,88],"class_list":{"0":"post-2006","1":"product","2":"type-product","3":"status-publish","4":"has-post-thumbnail","6":"product_cat-riseon","7":"product_tag-7kw","8":"product_tag-carregador-ac","9":"product_tag-carregador-carro-eletrico","10":"product_tag-portatil","12":"first","13":"instock","14":"sale","15":"shipping-taxable","16":"purchasable","17":"product-type-simple"},"_links":{"self":[{"href":"https:\/\/tcharge.com.br\/loja\/wp-json\/wp\/v2\/product\/2006","targetHints":{"allow":["GET"]}}],"collection":[{"href":"https:\/\/tcharge.com.br\/loja\/wp-json\/wp\/v2\/product"}],"about":[{"href":"https:\/\/tcharge.com.br\/loja\/wp-json\/wp\/v2\/types\/product"}],"wp:featuredmedia":[{"embeddable":true,"href":"https:\/\/tcharge.com.br\/loja\/wp-json\/wp\/v2\/media\/2007"}],"wp:attachment":[{"href":"https:\/\/tcharge.com.br\/loja\/wp-json\/wp\/v2\/media?parent=2006"}],"wp:term":[{"taxonomy":"product_cat","embeddable":true,"href":"https:\/\/tcharge.com.br\/loja\/wp-json\/wp\/v2\/product_cat?post=2006"},{"taxonomy":"product_tag","embeddable":true,"href":"https:\/\/tcharge.com.br\/loja\/wp-json\/wp\/v2\/product_tag?post=2006"}],"curies":[{"name":"wp","href":"https:\/\/api.w.org\/{rel}","templated":true}]}}